{"id":14557,"date":"2018-11-27T09:17:56","date_gmt":"2018-11-27T09:17:56","guid":{"rendered":"https:\/\/pt.alertenterprise.com\/?page_id=14557"},"modified":"2025-04-22T15:32:16","modified_gmt":"2025-04-22T15:32:16","slug":"contact","status":"publish","type":"page","link":"https:\/\/pt.alertenterprise.com\/pt\/contact\/","title":{"rendered":"Contacto"},"content":{"rendered":"<div data-elementor-type=\"wp-post\" data-elementor-id=\"14557\" class=\"elementor elementor-14557\" data-elementor-post-type=\"page\">\n\t\t\t\t<div data-particle_enable=\"false\" data-particle-mobile-disabled=\"false\" data-dce-background-image-url=\"https:\/\/alertenterprise.com\/wp-content\/uploads\/2023\/09\/home-hero-gradient-mask-scaled.jpg\" class=\"elementor-element elementor-element-27018d34 e-flex e-con-boxed e-con e-parent\" data-id=\"27018d34\" data-element_type=\"container\" data-e-type=\"container\" data-settings=\"{&quot;background_background&quot;:&quot;classic&quot;}\">\n\t\t\t\t\t<div class=\"e-con-inner\">\n\t\t<div data-particle_enable=\"false\" data-particle-mobile-disabled=\"false\" class=\"elementor-element elementor-element-52574591 e-flex e-con-boxed e-con e-child\" data-id=\"52574591\" data-element_type=\"container\" data-e-type=\"container\">\n\t\t\t\t\t<div class=\"e-con-inner\">\n\t\t\t\t<div class=\"elementor-element elementor-element-6592c141 elementor-widget elementor-widget-heading\" data-id=\"6592c141\" data-element_type=\"widget\" data-e-type=\"widget\" data-widget_type=\"heading.default\">\n\t\t\t\t<div class=\"elementor-widget-container\">\n\t\t\t\t\t<h2 class=\"elementor-heading-title elementor-size-default\">Prazer em conhec\u00ea-lo.<\/h2>\t\t\t\t<\/div>\n\t\t\t\t<\/div>\n\t\t\t\t<div class=\"elementor-element elementor-element-7e9bbf20 elementor-widget elementor-widget-text-editor\" data-id=\"7e9bbf20\" data-element_type=\"widget\" data-e-type=\"widget\" data-widget_type=\"text-editor.default\">\n\t\t\t\t<div class=\"elementor-widget-container\">\n\t\t\t\t\t\t\t\t\t<p>Quer agendar uma demonstra\u00e7\u00e3o individual? Clique no bot\u00e3o abaixo para selecionar uma data e hora que funcionam para si. Para todas as outras d\u00favidas, preencha o formul\u00e1rio abaixo e um membro da equipa entrar\u00e1 em contacto consigo em breve. <\/p>\t\t\t\t\t\t\t\t<\/div>\n\t\t\t\t<\/div>\n\t\t\t\t<div class=\"elementor-element elementor-element-4e179e6d elementor-align-center elementor-widget elementor-widget-button\" data-id=\"4e179e6d\" data-element_type=\"widget\" data-e-type=\"widget\" data-widget_type=\"button.default\">\n\t\t\t\t<div class=\"elementor-widget-container\">\n\t\t\t\t\t\t\t\t\t<div class=\"elementor-button-wrapper\">\n\t\t\t\t\t<a class=\"elementor-button elementor-button-link elementor-size-sm\" href=\"https:\/\/calendly.com\/sonia-kashyap-alertenterprise\/meeting\" target=\"_blank\">\n\t\t\t\t\t\t<span class=\"elementor-button-content-wrapper\">\n\t\t\t\t\t\t\t\t\t<span class=\"elementor-button-text\">Agende j\u00e1<\/span>\n\t\t\t\t\t<\/span>\n\t\t\t\t\t<\/a>\n\t\t\t\t<\/div>\n\t\t\t\t\t\t\t\t<\/div>\n\t\t\t\t<\/div>\n\t\t\t\t\t<\/div>\n\t\t\t\t<\/div>\n\t\t\t\t\t<\/div>\n\t\t\t\t<\/div>\n\t\t\t\t<section data-particle_enable=\"false\" data-particle-mobile-disabled=\"false\" class=\"elementor-section elementor-top-section elementor-element elementor-element-8e4dd19 elementor-section-boxed elementor-section-height-default elementor-section-height-default\" data-id=\"8e4dd19\" data-element_type=\"section\" data-e-type=\"section\" id=\"form-anchor\" data-settings=\"{&quot;background_background&quot;:&quot;classic&quot;}\">\n\t\t\t\t\t\t<div class=\"elementor-container elementor-column-gap-default\">\n\t\t\t\t\t<div class=\"elementor-column elementor-col-100 elementor-top-column elementor-element elementor-element-ed65dce\" data-id=\"ed65dce\" data-element_type=\"column\" data-e-type=\"column\">\n\t\t\t<div class=\"elementor-widget-wrap elementor-element-populated\">\n\t\t\t\t\t\t<div class=\"elementor-element elementor-element-98fd4ec elementor-widget elementor-widget-html\" data-id=\"98fd4ec\" data-element_type=\"widget\" data-e-type=\"widget\" data-widget_type=\"html.default\">\n\t\t\t\t<div class=\"elementor-widget-container\">\n\t\t\t\t\t<script src=\"https:\/\/js.hsforms.net\/forms\/embed\/47829731.js\" defer><\/script>\n<div class=\"hs-form-frame\" data-region=\"na1\" data-form-id=\"d339c773-bae6-4d6a-80ed-6127f1a36479\" data-portal-id=\"47829731\"><\/div>\t\t\t\t<\/div>\n\t\t\t\t<\/div>\n\t\t\t\t\t<\/div>\n\t\t<\/div>\n\t\t\t\t\t<\/div>\n\t\t<\/section>\n\t\t\t\t<\/div>","protected":false},"excerpt":{"rendered":"<p>Prazer em conhec\u00ea-lo. Quer agendar uma demonstra\u00e7\u00e3o individual? Clique no bot\u00e3o abaixo para selecionar uma data e hora que funcionam para si. Para todas as outras d\u00favidas, preencha o formul\u00e1rio abaixo e um membro da equipa entrar\u00e1 em contacto consigo em breve. Agende j\u00e1<\/p>","protected":false},"author":1,"featured_media":8298,"parent":0,"menu_order":0,"comment_status":"closed","ping_status":"closed","template":"","meta":{"_acf_changed":false,"footnotes":""},"class_list":["post-14557","page","type-page","status-publish","has-post-thumbnail","hentry"],"acf":[],"yoast_head":"<!-- This site is optimized with the Yoast SEO plugin v27.3 - https:\/\/yoast.com\/product\/yoast-seo-wordpress\/ -->\n<title>Entre em contacto connosco | Alert Enterprise<\/title>\n<meta name=\"description\" content=\"Quer a demonstra\u00e7\u00e3o de uma solu\u00e7\u00e3o, discutir uma parceria de vendas ou candidatar-se a um emprego? Queremos ouvir a sua opini\u00e3o!\" \/>\n<meta name=\"robots\" content=\"index, follow, max-snippet:-1, max-image-preview:large, max-video-preview:-1\" \/>\n<link rel=\"canonical\" href=\"https:\/\/pt.alertenterprise.com\/pt\/contact\/\" \/>\n<meta property=\"og:locale\" content=\"pt_PT\" \/>\n<meta property=\"og:type\" content=\"article\" \/>\n<meta property=\"og:title\" content=\"Entre em contacto connosco | Alert Enterprise\" \/>\n<meta property=\"og:description\" content=\"Quer a demonstra\u00e7\u00e3o de uma solu\u00e7\u00e3o, discutir uma parceria de vendas ou candidatar-se a um emprego? Queremos ouvir a sua opini\u00e3o!\" \/>\n<meta property=\"og:url\" content=\"https:\/\/pt.alertenterprise.com\/pt\/contact\/\" \/>\n<meta property=\"og:site_name\" content=\"AlertEnterpise-pt\" \/>\n<meta property=\"article:modified_time\" content=\"2025-04-22T15:32:16+00:00\" \/>\n<meta name=\"twitter:card\" content=\"summary_large_image\" \/>\n<meta name=\"twitter:label1\" content=\"Tempo estimado de leitura\" \/>\n\t<meta name=\"twitter:data1\" content=\"1 minuto\" \/>\n<script type=\"application\/ld+json\" class=\"yoast-schema-graph\">{\"@context\":\"https:\\\/\\\/schema.org\",\"@graph\":[{\"@type\":\"WebPage\",\"@id\":\"https:\\\/\\\/pt.alertenterprise.com\\\/en\\\/contact\\\/\",\"url\":\"https:\\\/\\\/pt.alertenterprise.com\\\/en\\\/contact\\\/\",\"name\":\"Entre em contacto connosco | Alert Enterprise\",\"isPartOf\":{\"@id\":\"https:\\\/\\\/pt.alertenterprise.com\\\/pt\\\/#website\"},\"primaryImageOfPage\":{\"@id\":\"https:\\\/\\\/pt.alertenterprise.com\\\/en\\\/contact\\\/#primaryimage\"},\"image\":{\"@id\":\"https:\\\/\\\/pt.alertenterprise.com\\\/en\\\/contact\\\/#primaryimage\"},\"thumbnailUrl\":\"\",\"datePublished\":\"2018-11-27T09:17:56+00:00\",\"dateModified\":\"2025-04-22T15:32:16+00:00\",\"description\":\"Quer a demonstra\u00e7\u00e3o de uma solu\u00e7\u00e3o, discutir uma parceria de vendas ou candidatar-se a um emprego? Queremos ouvir a sua opini\u00e3o!\",\"breadcrumb\":{\"@id\":\"https:\\\/\\\/pt.alertenterprise.com\\\/en\\\/contact\\\/#breadcrumb\"},\"inLanguage\":\"pt-PT\",\"potentialAction\":[{\"@type\":\"ReadAction\",\"target\":[\"https:\\\/\\\/pt.alertenterprise.com\\\/en\\\/contact\\\/\"]}]},{\"@type\":\"ImageObject\",\"inLanguage\":\"pt-PT\",\"@id\":\"https:\\\/\\\/pt.alertenterprise.com\\\/en\\\/contact\\\/#primaryimage\",\"url\":\"\",\"contentUrl\":\"\"},{\"@type\":\"BreadcrumbList\",\"@id\":\"https:\\\/\\\/pt.alertenterprise.com\\\/en\\\/contact\\\/#breadcrumb\",\"itemListElement\":[{\"@type\":\"ListItem\",\"position\":1,\"name\":\"Home\",\"item\":\"https:\\\/\\\/pt.alertenterprise.com\\\/pt\\\/\"},{\"@type\":\"ListItem\",\"position\":2,\"name\":\"Contacto\"}]},{\"@type\":\"WebSite\",\"@id\":\"https:\\\/\\\/pt.alertenterprise.com\\\/pt\\\/#website\",\"url\":\"https:\\\/\\\/pt.alertenterprise.com\\\/pt\\\/\",\"name\":\"AlertEnterpise-pt\",\"description\":\"\",\"publisher\":{\"@id\":\"https:\\\/\\\/pt.alertenterprise.com\\\/pt\\\/#organization\"},\"potentialAction\":[{\"@type\":\"SearchAction\",\"target\":{\"@type\":\"EntryPoint\",\"urlTemplate\":\"https:\\\/\\\/pt.alertenterprise.com\\\/pt\\\/?s={search_term_string}\"},\"query-input\":{\"@type\":\"PropertyValueSpecification\",\"valueRequired\":true,\"valueName\":\"search_term_string\"}}],\"inLanguage\":\"pt-PT\"},{\"@type\":\"Organization\",\"@id\":\"https:\\\/\\\/pt.alertenterprise.com\\\/pt\\\/#organization\",\"name\":\"AlertEnterpise-pt\",\"url\":\"https:\\\/\\\/pt.alertenterprise.com\\\/pt\\\/\",\"logo\":{\"@type\":\"ImageObject\",\"inLanguage\":\"pt-PT\",\"@id\":\"https:\\\/\\\/pt.alertenterprise.com\\\/pt\\\/#\\\/schema\\\/logo\\\/image\\\/\",\"url\":\"https:\\\/\\\/pt.alertenterprise.com\\\/wp-content\\\/uploads\\\/sites\\\/5\\\/2023\\\/09\\\/AE_Logo_Black.svg\",\"contentUrl\":\"https:\\\/\\\/pt.alertenterprise.com\\\/wp-content\\\/uploads\\\/sites\\\/5\\\/2023\\\/09\\\/AE_Logo_Black.svg\",\"caption\":\"AlertEnterpise-pt\"},\"image\":{\"@id\":\"https:\\\/\\\/pt.alertenterprise.com\\\/pt\\\/#\\\/schema\\\/logo\\\/image\\\/\"}}]}<\/script>\n<!-- \/ Yoast SEO plugin. -->","yoast_head_json":{"title":"Entre em contacto connosco | Alert Enterprise","description":"Quer a demonstra\u00e7\u00e3o de uma solu\u00e7\u00e3o, discutir uma parceria de vendas ou candidatar-se a um emprego? Queremos ouvir a sua opini\u00e3o!","robots":{"index":"index","follow":"follow","max-snippet":"max-snippet:-1","max-image-preview":"max-image-preview:large","max-video-preview":"max-video-preview:-1"},"canonical":"https:\/\/pt.alertenterprise.com\/pt\/contact\/","og_locale":"pt_PT","og_type":"article","og_title":"Entre em contacto connosco | Alert Enterprise","og_description":"Quer a demonstra\u00e7\u00e3o de uma solu\u00e7\u00e3o, discutir uma parceria de vendas ou candidatar-se a um emprego? Queremos ouvir a sua opini\u00e3o!","og_url":"https:\/\/pt.alertenterprise.com\/pt\/contact\/","og_site_name":"AlertEnterpise-pt","article_modified_time":"2025-04-22T15:32:16+00:00","twitter_card":"summary_large_image","twitter_misc":{"Tempo estimado de leitura":"1 minuto"},"schema":{"@context":"https:\/\/schema.org","@graph":[{"@type":"WebPage","@id":"https:\/\/pt.alertenterprise.com\/en\/contact\/","url":"https:\/\/pt.alertenterprise.com\/en\/contact\/","name":"Entre em contacto connosco | Alert Enterprise","isPartOf":{"@id":"https:\/\/pt.alertenterprise.com\/pt\/#website"},"primaryImageOfPage":{"@id":"https:\/\/pt.alertenterprise.com\/en\/contact\/#primaryimage"},"image":{"@id":"https:\/\/pt.alertenterprise.com\/en\/contact\/#primaryimage"},"thumbnailUrl":"","datePublished":"2018-11-27T09:17:56+00:00","dateModified":"2025-04-22T15:32:16+00:00","description":"Quer a demonstra\u00e7\u00e3o de uma solu\u00e7\u00e3o, discutir uma parceria de vendas ou candidatar-se a um emprego? Queremos ouvir a sua opini\u00e3o!","breadcrumb":{"@id":"https:\/\/pt.alertenterprise.com\/en\/contact\/#breadcrumb"},"inLanguage":"pt-PT","potentialAction":[{"@type":"ReadAction","target":["https:\/\/pt.alertenterprise.com\/en\/contact\/"]}]},{"@type":"ImageObject","inLanguage":"pt-PT","@id":"https:\/\/pt.alertenterprise.com\/en\/contact\/#primaryimage","url":"","contentUrl":""},{"@type":"BreadcrumbList","@id":"https:\/\/pt.alertenterprise.com\/en\/contact\/#breadcrumb","itemListElement":[{"@type":"ListItem","position":1,"name":"Home","item":"https:\/\/pt.alertenterprise.com\/pt\/"},{"@type":"ListItem","position":2,"name":"Contacto"}]},{"@type":"WebSite","@id":"https:\/\/pt.alertenterprise.com\/pt\/#website","url":"https:\/\/pt.alertenterprise.com\/pt\/","name":"AlertEnterpise-pt","description":"","publisher":{"@id":"https:\/\/pt.alertenterprise.com\/pt\/#organization"},"potentialAction":[{"@type":"SearchAction","target":{"@type":"EntryPoint","urlTemplate":"https:\/\/pt.alertenterprise.com\/pt\/?s={search_term_string}"},"query-input":{"@type":"PropertyValueSpecification","valueRequired":true,"valueName":"search_term_string"}}],"inLanguage":"pt-PT"},{"@type":"Organization","@id":"https:\/\/pt.alertenterprise.com\/pt\/#organization","name":"AlertEnterpise-pt","url":"https:\/\/pt.alertenterprise.com\/pt\/","logo":{"@type":"ImageObject","inLanguage":"pt-PT","@id":"https:\/\/pt.alertenterprise.com\/pt\/#\/schema\/logo\/image\/","url":"https:\/\/pt.alertenterprise.com\/wp-content\/uploads\/sites\/5\/2023\/09\/AE_Logo_Black.svg","contentUrl":"https:\/\/pt.alertenterprise.com\/wp-content\/uploads\/sites\/5\/2023\/09\/AE_Logo_Black.svg","caption":"AlertEnterpise-pt"},"image":{"@id":"https:\/\/pt.alertenterprise.com\/pt\/#\/schema\/logo\/image\/"}}]}},"_links":{"self":[{"href":"https:\/\/pt.alertenterprise.com\/pt\/wp-json\/wp\/v2\/pages\/14557","targetHints":{"allow":["GET"]}}],"collection":[{"href":"https:\/\/pt.alertenterprise.com\/pt\/wp-json\/wp\/v2\/pages"}],"about":[{"href":"https:\/\/pt.alertenterprise.com\/pt\/wp-json\/wp\/v2\/types\/page"}],"author":[{"embeddable":true,"href":"https:\/\/pt.alertenterprise.com\/pt\/wp-json\/wp\/v2\/users\/1"}],"replies":[{"embeddable":true,"href":"https:\/\/pt.alertenterprise.com\/pt\/wp-json\/wp\/v2\/comments?post=14557"}],"version-history":[{"count":5,"href":"https:\/\/pt.alertenterprise.com\/pt\/wp-json\/wp\/v2\/pages\/14557\/revisions"}],"predecessor-version":[{"id":44396,"href":"https:\/\/pt.alertenterprise.com\/pt\/wp-json\/wp\/v2\/pages\/14557\/revisions\/44396"}],"wp:featuredmedia":[{"embeddable":true,"href":"https:\/\/pt.alertenterprise.com\/pt\/wp-json\/"}],"wp:attachment":[{"href":"https:\/\/pt.alertenterprise.com\/pt\/wp-json\/wp\/v2\/media?parent=14557"}],"curies":[{"name":"wp","href":"https:\/\/api.w.org\/{rel}","templated":true}]}}