{"id":16792,"date":"2023-11-10T18:22:43","date_gmt":"2023-11-10T18:22:43","guid":{"rendered":"https:\/\/pt.alertenterprise.com\/?page_id=16792"},"modified":"2024-02-14T16:05:40","modified_gmt":"2024-02-14T16:05:40","slug":"hid","status":"publish","type":"page","link":"https:\/\/pt.alertenterprise.com\/pt\/partners\/hid\/","title":{"rendered":"HID"},"content":{"rendered":"<div data-elementor-type=\"wp-page\" data-elementor-id=\"16792\" class=\"elementor elementor-16792\" data-elementor-post-type=\"page\">\n\t\t\t\t<div data-particle_enable=\"false\" data-particle-mobile-disabled=\"false\" data-dce-background-image-url=\"https:\/\/pt.alertenterprise.com\/wp-content\/uploads\/sites\/5\/2023\/08\/Screenshot-2023-08-27-at-10.37.30-PM.png\" class=\"elementor-element elementor-element-183e7a86 e-grid e-con-boxed e-con e-parent\" data-id=\"183e7a86\" data-element_type=\"container\" data-e-type=\"container\" data-settings=\"{&quot;background_background&quot;:&quot;classic&quot;}\">\n\t\t\t\t\t<div class=\"e-con-inner\">\n\t\t<div data-particle_enable=\"false\" data-particle-mobile-disabled=\"false\" data-dce-background-image-url=\"https:\/\/pt.alertenterprise.com\/wp-content\/uploads\/sites\/5\/2024\/01\/HID-Hero-Img.jpg\" class=\"elementor-element elementor-element-24c4cabe e-flex e-con-boxed e-con e-child\" data-id=\"24c4cabe\" data-element_type=\"container\" data-e-type=\"container\" data-settings=\"{&quot;background_background&quot;:&quot;classic&quot;}\">\n\t\t\t\t\t<div class=\"e-con-inner\">\n\t\t\t\t\t<\/div>\n\t\t\t\t<\/div>\n\t\t<div data-particle_enable=\"false\" data-particle-mobile-disabled=\"false\" class=\"elementor-element elementor-element-4e0ca414 e-flex e-con-boxed e-con e-child\" data-id=\"4e0ca414\" data-element_type=\"container\" data-e-type=\"container\">\n\t\t\t\t\t<div class=\"e-con-inner\">\n\t\t\t\t<div class=\"elementor-element elementor-element-54be5d1b elementor-widget elementor-widget-heading\" data-id=\"54be5d1b\" data-element_type=\"widget\" data-e-type=\"widget\" data-widget_type=\"heading.default\">\n\t\t\t\t<div class=\"elementor-widget-container\">\n\t\t\t\t\t<h2 class=\"elementor-heading-title elementor-size-default\">O seu iPhone atende \u00e0 inova\u00e7\u00e3o em acesso.<\/h2>\t\t\t\t<\/div>\n\t\t\t\t<\/div>\n\t\t\t\t<div class=\"elementor-element elementor-element-2f2bcd7f elementor-widget elementor-widget-text-editor\" data-id=\"2f2bcd7f\" data-element_type=\"widget\" data-e-type=\"widget\" data-widget_type=\"text-editor.default\">\n\t\t\t\t<div class=\"elementor-widget-container\">\n\t\t\t\t\t\t\t\t\t<p>D\u00ea aos funcion\u00e1rios acesso m\u00f3vel f\u00e1cil e seguro a salas, equipamentos e edif\u00edcios com o Crach\u00e1 de Funcion\u00e1rio na Apple Wallet. Ao integrar a nossa plataforma de converg\u00eancia de seguran\u00e7a ciberf\u00edsica Guardian com solu\u00e7\u00f5es HID Mobile Access, tem ainda mais op\u00e7\u00f5es, flexibilidade e tranquilidade.<\/p>\t\t\t\t\t\t\t\t<\/div>\n\t\t\t\t<\/div>\n\t\t\t\t<div class=\"elementor-element elementor-element-2b23f451 dce_masking-none elementor-widget elementor-widget-image\" data-id=\"2b23f451\" data-element_type=\"widget\" data-e-type=\"widget\" data-widget_type=\"image.default\">\n\t\t\t\t<div class=\"elementor-widget-container\">\n\t\t\t\t\t\t\t\t\t\t\t\t\t\t\t<img decoding=\"async\" width=\"8\" height=\"15\" src=\"https:\/\/pt.alertenterprise.com\/wp-content\/uploads\/sites\/5\/2024\/07\/next-arrow.svg\" class=\"attachment-full size-full wp-image-24652\" alt=\"\" \/>\t\t\t\t\t\t\t\t\t\t\t\t\t\t\t<\/div>\n\t\t\t\t<\/div>\n\t\t\t\t<div class=\"elementor-element elementor-element-1dbb7379 elementor-widget elementor-widget-button\" data-id=\"1dbb7379\" data-element_type=\"widget\" data-e-type=\"widget\" data-widget_type=\"button.default\">\n\t\t\t\t<div class=\"elementor-widget-container\">\n\t\t\t\t\t\t\t\t\t<div class=\"elementor-button-wrapper\">\n\t\t\t\t\t<a class=\"elementor-button elementor-button-link elementor-size-sm\" href=\"https:\/\/www.youtube.com\/watch?v=GVdxBuyNNxs&#038;list=PLbf5EBK8AdK6QcdHQSrbZNBm-7bP1-dTY&#038;index=4\" target=\"_blank\">\n\t\t\t\t\t\t<span class=\"elementor-button-content-wrapper\">\n\t\t\t\t\t\t\t\t\t<span class=\"elementor-button-text\">Veja em a\u00e7\u00e3o<\/span>\n\t\t\t\t\t<\/span>\n\t\t\t\t\t<\/a>\n\t\t\t\t<\/div>\n\t\t\t\t\t\t\t\t<\/div>\n\t\t\t\t<\/div>\n\t\t\t\t\t<\/div>\n\t\t\t\t<\/div>\n\t\t\t\t\t<\/div>\n\t\t\t\t<\/div>\n\t\t<div data-particle_enable=\"false\" data-particle-mobile-disabled=\"false\" class=\"elementor-element elementor-element-269c48e6 e-grid e-con-boxed e-con e-parent\" data-id=\"269c48e6\" data-element_type=\"container\" data-e-type=\"container\" data-settings=\"{&quot;background_background&quot;:&quot;classic&quot;}\">\n\t\t\t\t\t<div class=\"e-con-inner\">\n\t\t<div data-particle_enable=\"false\" data-particle-mobile-disabled=\"false\" class=\"elementor-element elementor-element-215c6c7e e-flex e-con-boxed e-con e-child\" data-id=\"215c6c7e\" data-element_type=\"container\" data-e-type=\"container\">\n\t\t\t\t\t<div class=\"e-con-inner\">\n\t\t\t\t<div class=\"elementor-element elementor-element-7b5b2e06 elementor-widget elementor-widget-heading\" data-id=\"7b5b2e06\" data-element_type=\"widget\" data-e-type=\"widget\" data-widget_type=\"heading.default\">\n\t\t\t\t<div class=\"elementor-widget-container\">\n\t\t\t\t\t<h2 class=\"elementor-heading-title elementor-size-default\">O melhor (e mais seguro) dos dois mundos.<\/h2>\t\t\t\t<\/div>\n\t\t\t\t<\/div>\n\t\t\t\t\t<\/div>\n\t\t\t\t<\/div>\n\t\t<div data-particle_enable=\"false\" data-particle-mobile-disabled=\"false\" class=\"elementor-element elementor-element-33c0532e e-flex e-con-boxed e-con e-child\" data-id=\"33c0532e\" data-element_type=\"container\" data-e-type=\"container\">\n\t\t\t\t\t<div class=\"e-con-inner\">\n\t\t\t\t<div class=\"elementor-element elementor-element-20329b01 elementor-widget elementor-widget-text-editor\" data-id=\"20329b01\" data-element_type=\"widget\" data-e-type=\"widget\" data-widget_type=\"text-editor.default\">\n\t\t\t\t<div class=\"elementor-widget-container\">\n\t\t\t\t\t\t\t\t\t<p>Funcion\u00e1rios, estudantes, visitantes e trabalhadores podem agora abrir portas do edif\u00edcio com o seu iPhone e Apple Watch - basta encostar os dispositivos nos leitores de HID (sabe, a mesma experi\u00eancia conveniente e segura que as transac\u00e7\u00f5es banc\u00e1rias).<\/p><p>Quanto \u00e0 sua equipa de seguran\u00e7a, o Guardian da Alert Enterprise permite uma abordagem perfeita e que prioriza o software para gerir todo o ciclo de vida das credenciais m\u00f3veis a partir de uma \u00fanica plataforma na nuvem. Ative e desative instantaneamente credenciais m\u00f3veis em escala com conex\u00e3o automatizada com os seus sistemas de controlo de acesso f\u00edsico.<\/p>\t\t\t\t\t\t\t\t<\/div>\n\t\t\t\t<\/div>\n\t\t\t\t<div class=\"elementor-element elementor-element-5275302f elementor-widget elementor-widget-button\" data-id=\"5275302f\" data-element_type=\"widget\" data-e-type=\"widget\" data-widget_type=\"button.default\">\n\t\t\t\t<div class=\"elementor-widget-container\">\n\t\t\t\t\t\t\t\t\t<div class=\"elementor-button-wrapper\">\n\t\t\t\t\t<a class=\"elementor-button elementor-button-link elementor-size-sm\" href=\"https:\/\/pt.alertenterprise.com\/pt\/industry-solutions\/nfc-wallet-mobile-credentials\/\">\n\t\t\t\t\t\t<span class=\"elementor-button-content-wrapper\">\n\t\t\t\t\t\t\t\t\t<span class=\"elementor-button-text\">Mais aqui<\/span>\n\t\t\t\t\t<\/span>\n\t\t\t\t\t<\/a>\n\t\t\t\t<\/div>\n\t\t\t\t\t\t\t\t<\/div>\n\t\t\t\t<\/div>\n\t\t\t\t\t<\/div>\n\t\t\t\t<\/div>\n\t\t\t\t\t<\/div>\n\t\t\t\t<\/div>\n\t\t<div data-particle_enable=\"false\" data-particle-mobile-disabled=\"false\" class=\"elementor-element elementor-element-26ffd499 e-grid e-con-boxed e-con e-parent\" data-id=\"26ffd499\" data-element_type=\"container\" data-e-type=\"container\" data-settings=\"{&quot;background_background&quot;:&quot;classic&quot;}\">\n\t\t\t\t\t<div class=\"e-con-inner\">\n\t\t<div data-particle_enable=\"false\" data-particle-mobile-disabled=\"false\" class=\"elementor-element elementor-element-4efe9d6c e-flex e-con-boxed e-con e-child\" data-id=\"4efe9d6c\" data-element_type=\"container\" data-e-type=\"container\" data-settings=\"{&quot;background_background&quot;:&quot;classic&quot;}\">\n\t\t\t\t\t<div class=\"e-con-inner\">\n\t\t\t\t<div class=\"elementor-element elementor-element-551b6f7d elementor-widget elementor-widget-heading\" data-id=\"551b6f7d\" data-element_type=\"widget\" data-e-type=\"widget\" data-widget_type=\"heading.default\">\n\t\t\t\t<div class=\"elementor-widget-container\">\n\t\t\t\t\t<h2 class=\"elementor-heading-title elementor-size-default\">N\u00e3o basta abrir portas. Obter...<\/h2>\t\t\t\t<\/div>\n\t\t\t\t<\/div>\n\t\t\t\t\t<\/div>\n\t\t\t\t<\/div>\n\t\t<div data-particle_enable=\"false\" data-particle-mobile-disabled=\"false\" class=\"elementor-element elementor-element-67c22db2 e-flex e-con-boxed e-con e-child\" data-id=\"67c22db2\" data-element_type=\"container\" data-e-type=\"container\">\n\t\t\t\t\t<div class=\"e-con-inner\">\n\t\t\t\t<div class=\"elementor-element elementor-element-1b2a4db0 elementor-widget elementor-widget-text-editor\" data-id=\"1b2a4db0\" data-element_type=\"widget\" data-e-type=\"widget\" data-widget_type=\"text-editor.default\">\n\t\t\t\t<div class=\"elementor-widget-container\">\n\t\t\t\t\t\t\t\t\t<ul><li>Suporte completo para leitores de HID<\/li><li>Automa\u00e7\u00e3o completa com acesso baseado em fun\u00e7\u00e3o<\/li><li>Gest\u00e3o e auditoria do acesso dos trabalhadores tempor\u00e1rios<\/li><li>Portal de autosservi\u00e7o para utilizadores finais<\/li><li>Fluxos de trabalho configur\u00e1veis para acesso a s\u00edtios cr\u00edticos<\/li><li>Revis\u00f5es de acesso e recertifica\u00e7\u00e3o automatizadas<\/li><li>Dete\u00e7\u00e3o e relat\u00f3rios de anomalias alimentados por IA para credenciais NFC<\/li><li>Integra\u00e7\u00e3o imediata com v\u00e1rios sistemas de controlo de acesso f\u00edsico<\/li><\/ul>\t\t\t\t\t\t\t\t<\/div>\n\t\t\t\t<\/div>\n\t\t\t\t<div class=\"elementor-element elementor-element-6f3e4d55 elementor-widget elementor-widget-button\" data-id=\"6f3e4d55\" data-element_type=\"widget\" data-e-type=\"widget\" data-widget_type=\"button.default\">\n\t\t\t\t<div class=\"elementor-widget-container\">\n\t\t\t\t\t\t\t\t\t<div class=\"elementor-button-wrapper\">\n\t\t\t\t\t<a class=\"elementor-button elementor-button-link elementor-size-sm\" href=\"https:\/\/pt.alertenterprise.com\/pt\/blog\/press-release\/alertenterprise-partners-with-hid-to-offer-employee-badge-in-apple-wallet\/\">\n\t\t\t\t\t\t<span class=\"elementor-button-content-wrapper\">\n\t\t\t\t\t\t\t\t\t<span class=\"elementor-button-text\">Isto sim, \u00e9 digno de not\u00edcia<\/span>\n\t\t\t\t\t<\/span>\n\t\t\t\t\t<\/a>\n\t\t\t\t<\/div>\n\t\t\t\t\t\t\t\t<\/div>\n\t\t\t\t<\/div>\n\t\t\t\t\t<\/div>\n\t\t\t\t<\/div>\n\t\t\t\t\t<\/div>\n\t\t\t\t<\/div>\n\t\t<div data-particle_enable=\"false\" data-particle-mobile-disabled=\"false\" class=\"elementor-element elementor-element-5896b237 e-flex e-con-boxed e-con e-parent\" data-id=\"5896b237\" data-element_type=\"container\" data-e-type=\"container\">\n\t\t\t\t\t<div class=\"e-con-inner\">\n\t\t<div data-particle_enable=\"false\" data-particle-mobile-disabled=\"false\" data-dce-background-image-url=\"https:\/\/pt.alertenterprise.com\/wp-content\/uploads\/sites\/5\/2023\/08\/gradient-background-cta.jpg\" class=\"elementor-element elementor-element-39c0c17a e-flex e-con-boxed e-con e-child\" data-id=\"39c0c17a\" data-element_type=\"container\" data-e-type=\"container\" data-settings=\"{&quot;background_background&quot;:&quot;classic&quot;}\">\n\t\t\t\t\t<div class=\"e-con-inner\">\n\t\t<div data-particle_enable=\"false\" data-particle-mobile-disabled=\"false\" class=\"elementor-element elementor-element-4ec65398 e-grid e-con-boxed e-con e-child\" data-id=\"4ec65398\" data-element_type=\"container\" data-e-type=\"container\">\n\t\t\t\t\t<div class=\"e-con-inner\">\n\t\t\t\t<div class=\"elementor-element elementor-element-225c9d3a dce_masking-none elementor-widget elementor-widget-image\" data-id=\"225c9d3a\" data-element_type=\"widget\" data-e-type=\"widget\" data-widget_type=\"image.default\">\n\t\t\t\t<div class=\"elementor-widget-container\">\n\t\t\t\t\t\t\t\t\t\t\t\t\t\t\t<img fetchpriority=\"high\" decoding=\"async\" width=\"800\" height=\"473\" src=\"https:\/\/pt.alertenterprise.com\/wp-content\/uploads\/sites\/5\/2023\/11\/Rectangle-1057-1024x606.jpg\" class=\"attachment-large size-large wp-image-16786\" alt=\"\" srcset=\"https:\/\/pt.alertenterprise.com\/wp-content\/uploads\/sites\/5\/2023\/11\/Rectangle-1057-1024x606.jpg 1024w, https:\/\/pt.alertenterprise.com\/wp-content\/uploads\/sites\/5\/2023\/11\/Rectangle-1057-300x177.jpg 300w, https:\/\/pt.alertenterprise.com\/wp-content\/uploads\/sites\/5\/2023\/11\/Rectangle-1057-768x454.jpg 768w, https:\/\/pt.alertenterprise.com\/wp-content\/uploads\/sites\/5\/2023\/11\/Rectangle-1057.jpg 1207w\" sizes=\"(max-width: 800px) 100vw, 800px\" \/>\t\t\t\t\t\t\t\t\t\t\t\t\t\t\t<\/div>\n\t\t\t\t<\/div>\n\t\t<div data-particle_enable=\"false\" data-particle-mobile-disabled=\"false\" class=\"elementor-element elementor-element-3cc40fd1 e-flex e-con-boxed e-con e-child\" data-id=\"3cc40fd1\" data-element_type=\"container\" data-e-type=\"container\">\n\t\t\t\t\t<div class=\"e-con-inner\">\n\t\t\t\t<div class=\"elementor-element elementor-element-6c7e249e elementor-widget elementor-widget-heading\" data-id=\"6c7e249e\" data-element_type=\"widget\" data-e-type=\"widget\" data-widget_type=\"heading.default\">\n\t\t\t\t<div class=\"elementor-widget-container\">\n\t\t\t\t\t<h2 class=\"elementor-heading-title elementor-size-default\">Vamos falar de todas as coisas relacionadas com as credenciais m\u00f3veis da Carteira NFC<\/h2>\t\t\t\t<\/div>\n\t\t\t\t<\/div>\n\t\t\t\t<div class=\"elementor-element elementor-element-5ef8d28a elementor-widget elementor-widget-text-editor\" data-id=\"5ef8d28a\" data-element_type=\"widget\" data-e-type=\"widget\" data-widget_type=\"text-editor.default\">\n\t\t\t\t<div class=\"elementor-widget-container\">\n\t\t\t\t\t\t\t\t\t<p>Tornem as credenciais m\u00f3veis da NFC Wallet parte do controlo de acesso da sua empresa.<\/p>\t\t\t\t\t\t\t\t<\/div>\n\t\t\t\t<\/div>\n\t\t\t\t<div class=\"elementor-element elementor-element-121aa3ea elementor-widget elementor-widget-button\" data-id=\"121aa3ea\" data-element_type=\"widget\" data-e-type=\"widget\" data-widget_type=\"button.default\">\n\t\t\t\t<div class=\"elementor-widget-container\">\n\t\t\t\t\t\t\t\t\t<div class=\"elementor-button-wrapper\">\n\t\t\t\t\t<a class=\"elementor-button elementor-button-link elementor-size-sm\" href=\"https:\/\/pt.alertenterprise.com\/pt\/contact\/\">\n\t\t\t\t\t\t<span class=\"elementor-button-content-wrapper\">\n\t\t\t\t\t\t\t\t\t<span class=\"elementor-button-text\">Marcar uma demonstra\u00e7\u00e3o<\/span>\n\t\t\t\t\t<\/span>\n\t\t\t\t\t<\/a>\n\t\t\t\t<\/div>\n\t\t\t\t\t\t\t\t<\/div>\n\t\t\t\t<\/div>\n\t\t\t\t\t<\/div>\n\t\t\t\t<\/div>\n\t\t\t\t\t<\/div>\n\t\t\t\t<\/div>\n\t\t\t\t\t<\/div>\n\t\t\t\t<\/div>\n\t\t\t\t\t<\/div>\n\t\t\t\t<\/div>\n\t\t\t\t<\/div>","protected":false},"excerpt":{"rendered":"<p>O seu iPhone atende \u00e0 inova\u00e7\u00e3o em acesso. D\u00ea aos funcion\u00e1rios acesso m\u00f3vel f\u00e1cil e seguro a salas, equipamentos e edif\u00edcios com o Crach\u00e1 de Funcion\u00e1rio na Apple Wallet. Ao integrar a nossa plataforma de converg\u00eancia de seguran\u00e7a ciberf\u00edsica Guardian com solu\u00e7\u00f5es HID Mobile Access, tem ainda mais op\u00e7\u00f5es, flexibilidade e tranquilidade. Veja em a\u00e7\u00e3o [...]<\/p>","protected":false},"author":8,"featured_media":19144,"parent":14550,"menu_order":0,"comment_status":"closed","ping_status":"closed","template":"","meta":{"_acf_changed":false,"footnotes":""},"class_list":["post-16792","page","type-page","status-publish","has-post-thumbnail","hentry"],"acf":[],"yoast_head":"<!-- This site is optimized with the Yoast SEO plugin v27.3 - https:\/\/yoast.com\/product\/yoast-seo-wordpress\/ -->\n<title>HID - AlertEnterpise-pt<\/title>\n<meta name=\"description\" content=\"Descubra a facilidade de armazenar crach\u00e1s de funcion\u00e1rios na Apple Wallet atrav\u00e9s da nossa integra\u00e7\u00e3o com a plataforma de seguran\u00e7a f\u00edsica cibern\u00e9tica Guardian.\" \/>\n<meta name=\"robots\" content=\"index, follow, max-snippet:-1, max-image-preview:large, max-video-preview:-1\" \/>\n<link rel=\"canonical\" href=\"https:\/\/pt.alertenterprise.com\/pt\/partners\/hid\/\" \/>\n<meta property=\"og:locale\" content=\"pt_PT\" \/>\n<meta property=\"og:type\" content=\"article\" \/>\n<meta property=\"og:title\" content=\"HID - AlertEnterpise-pt\" \/>\n<meta property=\"og:description\" content=\"Descubra a facilidade de armazenar crach\u00e1s de funcion\u00e1rios na Apple Wallet atrav\u00e9s da nossa integra\u00e7\u00e3o com a plataforma de seguran\u00e7a f\u00edsica cibern\u00e9tica Guardian.\" \/>\n<meta property=\"og:url\" content=\"https:\/\/pt.alertenterprise.com\/pt\/partners\/hid\/\" \/>\n<meta property=\"og:site_name\" content=\"AlertEnterpise-pt\" \/>\n<meta property=\"article:modified_time\" content=\"2024-02-14T16:05:40+00:00\" \/>\n<meta property=\"og:image\" content=\"https:\/\/pt.alertenterprise.com\/wp-content\/uploads\/sites\/5\/2024\/01\/HID-Hero-Img.jpg\" \/>\n\t<meta property=\"og:image:width\" content=\"1151\" \/>\n\t<meta property=\"og:image:height\" content=\"768\" \/>\n\t<meta property=\"og:image:type\" content=\"image\/jpeg\" \/>\n<meta name=\"twitter:card\" content=\"summary_large_image\" \/>\n<meta name=\"twitter:label1\" content=\"Tempo estimado de leitura\" \/>\n\t<meta name=\"twitter:data1\" content=\"2 minutos\" \/>\n<script type=\"application\/ld+json\" class=\"yoast-schema-graph\">{\"@context\":\"https:\\\/\\\/schema.org\",\"@graph\":[{\"@type\":\"WebPage\",\"@id\":\"https:\\\/\\\/pt.alertenterprise.com\\\/pt\\\/partners\\\/hid\\\/\",\"url\":\"https:\\\/\\\/pt.alertenterprise.com\\\/pt\\\/partners\\\/hid\\\/\",\"name\":\"HID - AlertEnterpise-pt\",\"isPartOf\":{\"@id\":\"https:\\\/\\\/pt.alertenterprise.com\\\/pt\\\/#website\"},\"primaryImageOfPage\":{\"@id\":\"https:\\\/\\\/pt.alertenterprise.com\\\/pt\\\/partners\\\/hid\\\/#primaryimage\"},\"image\":{\"@id\":\"https:\\\/\\\/pt.alertenterprise.com\\\/pt\\\/partners\\\/hid\\\/#primaryimage\"},\"thumbnailUrl\":\"https:\\\/\\\/pt.alertenterprise.com\\\/wp-content\\\/uploads\\\/sites\\\/5\\\/2024\\\/01\\\/HID-Hero-Img.jpg\",\"datePublished\":\"2023-11-10T18:22:43+00:00\",\"dateModified\":\"2024-02-14T16:05:40+00:00\",\"description\":\"Descubra a facilidade de armazenar crach\u00e1s de funcion\u00e1rios na Apple Wallet atrav\u00e9s da nossa integra\u00e7\u00e3o com a plataforma de seguran\u00e7a f\u00edsica cibern\u00e9tica Guardian.\",\"breadcrumb\":{\"@id\":\"https:\\\/\\\/pt.alertenterprise.com\\\/pt\\\/partners\\\/hid\\\/#breadcrumb\"},\"inLanguage\":\"pt-PT\",\"potentialAction\":[{\"@type\":\"ReadAction\",\"target\":[\"https:\\\/\\\/pt.alertenterprise.com\\\/pt\\\/partners\\\/hid\\\/\"]}]},{\"@type\":\"ImageObject\",\"inLanguage\":\"pt-PT\",\"@id\":\"https:\\\/\\\/pt.alertenterprise.com\\\/pt\\\/partners\\\/hid\\\/#primaryimage\",\"url\":\"https:\\\/\\\/pt.alertenterprise.com\\\/wp-content\\\/uploads\\\/sites\\\/5\\\/2024\\\/01\\\/HID-Hero-Img.jpg\",\"contentUrl\":\"https:\\\/\\\/pt.alertenterprise.com\\\/wp-content\\\/uploads\\\/sites\\\/5\\\/2024\\\/01\\\/HID-Hero-Img.jpg\",\"width\":1151,\"height\":768,\"caption\":\"Mulher a digitalizar telem\u00f3vel\"},{\"@type\":\"BreadcrumbList\",\"@id\":\"https:\\\/\\\/pt.alertenterprise.com\\\/pt\\\/partners\\\/hid\\\/#breadcrumb\",\"itemListElement\":[{\"@type\":\"ListItem\",\"position\":1,\"name\":\"Home\",\"item\":\"https:\\\/\\\/pt.alertenterprise.com\\\/pt\\\/\"},{\"@type\":\"ListItem\",\"position\":2,\"name\":\"Parceiros\",\"item\":\"https:\\\/\\\/pt.alertenterprise.com\\\/en\\\/partners\\\/\"},{\"@type\":\"ListItem\",\"position\":3,\"name\":\"HID\"}]},{\"@type\":\"WebSite\",\"@id\":\"https:\\\/\\\/pt.alertenterprise.com\\\/pt\\\/#website\",\"url\":\"https:\\\/\\\/pt.alertenterprise.com\\\/pt\\\/\",\"name\":\"AlertEnterpise-pt\",\"description\":\"\",\"publisher\":{\"@id\":\"https:\\\/\\\/pt.alertenterprise.com\\\/pt\\\/#organization\"},\"potentialAction\":[{\"@type\":\"SearchAction\",\"target\":{\"@type\":\"EntryPoint\",\"urlTemplate\":\"https:\\\/\\\/pt.alertenterprise.com\\\/pt\\\/?s={search_term_string}\"},\"query-input\":{\"@type\":\"PropertyValueSpecification\",\"valueRequired\":true,\"valueName\":\"search_term_string\"}}],\"inLanguage\":\"pt-PT\"},{\"@type\":\"Organization\",\"@id\":\"https:\\\/\\\/pt.alertenterprise.com\\\/pt\\\/#organization\",\"name\":\"AlertEnterpise-pt\",\"url\":\"https:\\\/\\\/pt.alertenterprise.com\\\/pt\\\/\",\"logo\":{\"@type\":\"ImageObject\",\"inLanguage\":\"pt-PT\",\"@id\":\"https:\\\/\\\/pt.alertenterprise.com\\\/pt\\\/#\\\/schema\\\/logo\\\/image\\\/\",\"url\":\"https:\\\/\\\/pt.alertenterprise.com\\\/wp-content\\\/uploads\\\/sites\\\/5\\\/2023\\\/09\\\/AE_Logo_Black.svg\",\"contentUrl\":\"https:\\\/\\\/pt.alertenterprise.com\\\/wp-content\\\/uploads\\\/sites\\\/5\\\/2023\\\/09\\\/AE_Logo_Black.svg\",\"caption\":\"AlertEnterpise-pt\"},\"image\":{\"@id\":\"https:\\\/\\\/pt.alertenterprise.com\\\/pt\\\/#\\\/schema\\\/logo\\\/image\\\/\"}}]}<\/script>\n<!-- \/ Yoast SEO plugin. -->","yoast_head_json":{"title":"HID - AlertEnterpise-pt","description":"Descubra a facilidade de armazenar crach\u00e1s de funcion\u00e1rios na Apple Wallet atrav\u00e9s da nossa integra\u00e7\u00e3o com a plataforma de seguran\u00e7a f\u00edsica cibern\u00e9tica Guardian.","robots":{"index":"index","follow":"follow","max-snippet":"max-snippet:-1","max-image-preview":"max-image-preview:large","max-video-preview":"max-video-preview:-1"},"canonical":"https:\/\/pt.alertenterprise.com\/pt\/partners\/hid\/","og_locale":"pt_PT","og_type":"article","og_title":"HID - AlertEnterpise-pt","og_description":"Descubra a facilidade de armazenar crach\u00e1s de funcion\u00e1rios na Apple Wallet atrav\u00e9s da nossa integra\u00e7\u00e3o com a plataforma de seguran\u00e7a f\u00edsica cibern\u00e9tica Guardian.","og_url":"https:\/\/pt.alertenterprise.com\/pt\/partners\/hid\/","og_site_name":"AlertEnterpise-pt","article_modified_time":"2024-02-14T16:05:40+00:00","og_image":[{"width":1151,"height":768,"url":"https:\/\/pt.alertenterprise.com\/wp-content\/uploads\/sites\/5\/2024\/01\/HID-Hero-Img.jpg","type":"image\/jpeg"}],"twitter_card":"summary_large_image","twitter_misc":{"Tempo estimado de leitura":"2 minutos"},"schema":{"@context":"https:\/\/schema.org","@graph":[{"@type":"WebPage","@id":"https:\/\/pt.alertenterprise.com\/pt\/partners\/hid\/","url":"https:\/\/pt.alertenterprise.com\/pt\/partners\/hid\/","name":"HID - AlertEnterpise-pt","isPartOf":{"@id":"https:\/\/pt.alertenterprise.com\/pt\/#website"},"primaryImageOfPage":{"@id":"https:\/\/pt.alertenterprise.com\/pt\/partners\/hid\/#primaryimage"},"image":{"@id":"https:\/\/pt.alertenterprise.com\/pt\/partners\/hid\/#primaryimage"},"thumbnailUrl":"https:\/\/pt.alertenterprise.com\/wp-content\/uploads\/sites\/5\/2024\/01\/HID-Hero-Img.jpg","datePublished":"2023-11-10T18:22:43+00:00","dateModified":"2024-02-14T16:05:40+00:00","description":"Descubra a facilidade de armazenar crach\u00e1s de funcion\u00e1rios na Apple Wallet atrav\u00e9s da nossa integra\u00e7\u00e3o com a plataforma de seguran\u00e7a f\u00edsica cibern\u00e9tica Guardian.","breadcrumb":{"@id":"https:\/\/pt.alertenterprise.com\/pt\/partners\/hid\/#breadcrumb"},"inLanguage":"pt-PT","potentialAction":[{"@type":"ReadAction","target":["https:\/\/pt.alertenterprise.com\/pt\/partners\/hid\/"]}]},{"@type":"ImageObject","inLanguage":"pt-PT","@id":"https:\/\/pt.alertenterprise.com\/pt\/partners\/hid\/#primaryimage","url":"https:\/\/pt.alertenterprise.com\/wp-content\/uploads\/sites\/5\/2024\/01\/HID-Hero-Img.jpg","contentUrl":"https:\/\/pt.alertenterprise.com\/wp-content\/uploads\/sites\/5\/2024\/01\/HID-Hero-Img.jpg","width":1151,"height":768,"caption":"Mulher a digitalizar telem\u00f3vel"},{"@type":"BreadcrumbList","@id":"https:\/\/pt.alertenterprise.com\/pt\/partners\/hid\/#breadcrumb","itemListElement":[{"@type":"ListItem","position":1,"name":"Home","item":"https:\/\/pt.alertenterprise.com\/pt\/"},{"@type":"ListItem","position":2,"name":"Parceiros","item":"https:\/\/pt.alertenterprise.com\/en\/partners\/"},{"@type":"ListItem","position":3,"name":"HID"}]},{"@type":"WebSite","@id":"https:\/\/pt.alertenterprise.com\/pt\/#website","url":"https:\/\/pt.alertenterprise.com\/pt\/","name":"AlertEnterpise-pt","description":"","publisher":{"@id":"https:\/\/pt.alertenterprise.com\/pt\/#organization"},"potentialAction":[{"@type":"SearchAction","target":{"@type":"EntryPoint","urlTemplate":"https:\/\/pt.alertenterprise.com\/pt\/?s={search_term_string}"},"query-input":{"@type":"PropertyValueSpecification","valueRequired":true,"valueName":"search_term_string"}}],"inLanguage":"pt-PT"},{"@type":"Organization","@id":"https:\/\/pt.alertenterprise.com\/pt\/#organization","name":"AlertEnterpise-pt","url":"https:\/\/pt.alertenterprise.com\/pt\/","logo":{"@type":"ImageObject","inLanguage":"pt-PT","@id":"https:\/\/pt.alertenterprise.com\/pt\/#\/schema\/logo\/image\/","url":"https:\/\/pt.alertenterprise.com\/wp-content\/uploads\/sites\/5\/2023\/09\/AE_Logo_Black.svg","contentUrl":"https:\/\/pt.alertenterprise.com\/wp-content\/uploads\/sites\/5\/2023\/09\/AE_Logo_Black.svg","caption":"AlertEnterpise-pt"},"image":{"@id":"https:\/\/pt.alertenterprise.com\/pt\/#\/schema\/logo\/image\/"}}]}},"_links":{"self":[{"href":"https:\/\/pt.alertenterprise.com\/pt\/wp-json\/wp\/v2\/pages\/16792","targetHints":{"allow":["GET"]}}],"collection":[{"href":"https:\/\/pt.alertenterprise.com\/pt\/wp-json\/wp\/v2\/pages"}],"about":[{"href":"https:\/\/pt.alertenterprise.com\/pt\/wp-json\/wp\/v2\/types\/page"}],"author":[{"embeddable":true,"href":"https:\/\/pt.alertenterprise.com\/pt\/wp-json\/wp\/v2\/users\/8"}],"replies":[{"embeddable":true,"href":"https:\/\/pt.alertenterprise.com\/pt\/wp-json\/wp\/v2\/comments?post=16792"}],"version-history":[{"count":5,"href":"https:\/\/pt.alertenterprise.com\/pt\/wp-json\/wp\/v2\/pages\/16792\/revisions"}],"predecessor-version":[{"id":20080,"href":"https:\/\/pt.alertenterprise.com\/pt\/wp-json\/wp\/v2\/pages\/16792\/revisions\/20080"}],"up":[{"embeddable":true,"href":"https:\/\/pt.alertenterprise.com\/pt\/wp-json\/wp\/v2\/pages\/14550"}],"wp:featuredmedia":[{"embeddable":true,"href":"https:\/\/pt.alertenterprise.com\/pt\/wp-json\/wp\/v2\/media\/19144"}],"wp:attachment":[{"href":"https:\/\/pt.alertenterprise.com\/pt\/wp-json\/wp\/v2\/media?parent=16792"}],"curies":[{"name":"wp","href":"https:\/\/api.w.org\/{rel}","templated":true}]}}